{"id":8667,"date":"2011-12-13T15:21:34","date_gmt":"2011-12-13T14:21:34","guid":{"rendered":"http:\/\/blog-local.oo-software.com\/made-in-germany-made-in-berlin\/"},"modified":"2011-12-13T15:21:34","modified_gmt":"2011-12-13T14:21:34","slug":"made-in-germany-made-in-berlin","status":"publish","type":"page","link":"https:\/\/blog.oo-software.com\/de\/made-in-germany-made-in-berlin\/","title":{"rendered":"Made in Germany. Made in Berlin."},"content":{"rendered":"<p>Die O&amp;O Software GmbH wurde 1997 in Berlin gegr\u00fcndet. Das Unternehmen entwickelt System- und Datenmanagement-L\u00f6sungen im Windows-Bereich. Die Produkte zur Systemoptimierung, Datensicherheit und -rettung sowie zur unternehmensweiten Administration gelten als technologisch f\u00fchrend. Als zertifizierter Microsoft Partner steht O&#038;O Software in engem Kontakt mit Microsoft und befindet sich am \u201cPuls der Entwicklung\u201d neuer Windows-Technologien.<\/p>\n<p>Die O&amp;O Produkte und der Service helfen t\u00e4glich Millionen von Anwendern, Zeit zu sparen und Kosten zu senken. Unsere Kunden k\u00f6nnen sich auf die Sicherheit und Wartung ihrer Systeme verlassen und auf ihr Kerngesch\u00e4ft konzentrieren. Mit einem weltweiten Partnernetzwerk unterst\u00fctzt O&amp;O Software Unternehmen, Konzerne, \u00f6ffentliche Einrichtungen und Privatkunden in mehr als 140 L\u00e4ndern.<\/p>\n<p>Alle Produkte werden in Berlin entwickelt und hergestellt. Zum erstklassigen und kostenlosen Service geh\u00f6rt der technische Support, der den Anwendern bei jeder Problemstellung direkt aus der Berliner Zentrale zur Seite steht. O&amp;O steht zum Standort Deutschland und garantiert Qualit\u00e4t, maximale Sicherheit und Zufriedenheit mit den angebotenen Produkten und L\u00f6sungen.<\/p>\n<p><img loading=\"lazy\" decoding=\"async\" class=\"aligncenter size-full wp-image-768\" title=\"Made in Germany. Made in Berlin.\" alt=\"\" src=\"https:\/\/blog.oo-software.com\/oocontent\/uploads\/2011\/12\/migmib01.png\" width=\"443\" height=\"395\" srcset=\"https:\/\/blog.oo-software.com\/oocontent\/uploads\/2011\/12\/migmib01.png 443w, https:\/\/blog.oo-software.com\/oocontent\/uploads\/2011\/12\/migmib01-300x267.png 300w\" sizes=\"(max-width: 443px) 100vw, 443px\" \/><\/p>\n","protected":false},"excerpt":{"rendered":"<p>Die O&amp;O Software GmbH wurde 1997 in Berlin gegr\u00fcndet. Das Unternehmen entwickelt System- und Datenmanagement-L\u00f6sungen im Windows-Bereich. Die Produkte zur Systemoptimierung, Datensicherheit und -rettung sowie zur unternehmensweiten Administration gelten als technologisch f\u00fchrend. Als zertifizierter Microsoft Partner steht O&#038;O Software in engem Kontakt mit Microsoft und befindet sich am \u201cPuls der Entwicklung\u201d neuer Windows-Technologien. Die O&amp;O &#8230; <a title=\"Made in Germany. Made in Berlin.\" class=\"read-more\" href=\"https:\/\/blog.oo-software.com\/de\/made-in-germany-made-in-berlin\/\" aria-label=\"Mehr Informationen \u00fcber Made in Germany. Made in Berlin.\">Weiterlesen<\/a><\/p>\n","protected":false},"author":3,"featured_media":8258,"parent":0,"menu_order":0,"comment_status":"closed","ping_status":"closed","template":"","meta":{"footnotes":""},"class_list":["post-8667","page","type-page","status-publish","has-post-thumbnail"],"yoast_head":"<!-- This site is optimized with the Yoast SEO plugin v23.6 - https:\/\/yoast.com\/wordpress\/plugins\/seo\/ -->\n<title>Made in Germany. Made in Berlin. - Tools - schreibt man mit zwei O<\/title>\n<meta name=\"robots\" content=\"index, follow, max-snippet:-1, max-image-preview:large, max-video-preview:-1\" \/>\n<link rel=\"canonical\" href=\"https:\/\/blog.oo-software.com\/de\/made-in-germany-made-in-berlin\/\" \/>\n<meta property=\"og:locale\" content=\"de_DE\" \/>\n<meta property=\"og:type\" content=\"article\" \/>\n<meta property=\"og:title\" content=\"Made in Germany. Made in Berlin. - Tools - schreibt man mit zwei O\" \/>\n<meta property=\"og:description\" content=\"Die O&amp;O Software GmbH wurde 1997 in Berlin gegr\u00fcndet. Das Unternehmen entwickelt System- und Datenmanagement-L\u00f6sungen im Windows-Bereich. Die Produkte zur Systemoptimierung, Datensicherheit und -rettung sowie zur unternehmensweiten Administration gelten als technologisch f\u00fchrend. Als zertifizierter Microsoft Partner steht O&#038;O Software in engem Kontakt mit Microsoft und befindet sich am \u201cPuls der Entwicklung\u201d neuer Windows-Technologien. Die O&amp;O ... Weiterlesen\" \/>\n<meta property=\"og:url\" content=\"https:\/\/blog.oo-software.com\/de\/made-in-germany-made-in-berlin\/\" \/>\n<meta property=\"og:site_name\" content=\"Tools - schreibt man mit zwei O\" \/>\n<meta property=\"og:image\" content=\"https:\/\/blog.oo-software.com\/oocontent\/uploads\/2011\/12\/migmib01.png\" \/>\n\t<meta property=\"og:image:width\" content=\"443\" \/>\n\t<meta property=\"og:image:height\" content=\"395\" \/>\n\t<meta property=\"og:image:type\" content=\"image\/png\" \/>\n<meta name=\"twitter:card\" content=\"summary_large_image\" \/>\n<meta name=\"twitter:label1\" content=\"Gesch\u00e4tzte Lesezeit\" \/>\n\t<meta name=\"twitter:data1\" content=\"1\u00a0Minute\" \/>\n<!-- \/ Yoast SEO plugin. -->","yoast_head_json":{"title":"Made in Germany. Made in Berlin. - Tools - schreibt man mit zwei O","robots":{"index":"index","follow":"follow","max-snippet":"max-snippet:-1","max-image-preview":"max-image-preview:large","max-video-preview":"max-video-preview:-1"},"canonical":"https:\/\/blog.oo-software.com\/de\/made-in-germany-made-in-berlin\/","og_locale":"de_DE","og_type":"article","og_title":"Made in Germany. Made in Berlin. - Tools - schreibt man mit zwei O","og_description":"Die O&amp;O Software GmbH wurde 1997 in Berlin gegr\u00fcndet. Das Unternehmen entwickelt System- und Datenmanagement-L\u00f6sungen im Windows-Bereich. Die Produkte zur Systemoptimierung, Datensicherheit und -rettung sowie zur unternehmensweiten Administration gelten als technologisch f\u00fchrend. Als zertifizierter Microsoft Partner steht O&#038;O Software in engem Kontakt mit Microsoft und befindet sich am \u201cPuls der Entwicklung\u201d neuer Windows-Technologien. Die O&amp;O ... Weiterlesen","og_url":"https:\/\/blog.oo-software.com\/de\/made-in-germany-made-in-berlin\/","og_site_name":"Tools - schreibt man mit zwei O","og_image":[{"width":443,"height":395,"url":"https:\/\/blog.oo-software.com\/oocontent\/uploads\/2011\/12\/migmib01.png","type":"image\/png"}],"twitter_card":"summary_large_image","twitter_misc":{"Gesch\u00e4tzte Lesezeit":"1\u00a0Minute"},"schema":{"@context":"https:\/\/schema.org","@graph":[{"@type":"WebPage","@id":"https:\/\/blog.oo-software.com\/de\/made-in-germany-made-in-berlin\/","url":"https:\/\/blog.oo-software.com\/de\/made-in-germany-made-in-berlin\/","name":"Made in Germany. Made in Berlin. - Tools - schreibt man mit zwei O","isPartOf":{"@id":"https:\/\/blog.oo-software.com\/de\/#website"},"primaryImageOfPage":{"@id":"https:\/\/blog.oo-software.com\/de\/made-in-germany-made-in-berlin\/#primaryimage"},"image":{"@id":"https:\/\/blog.oo-software.com\/de\/made-in-germany-made-in-berlin\/#primaryimage"},"thumbnailUrl":"https:\/\/blog.oo-software.com\/oocontent\/uploads\/2011\/12\/migmib01.png","datePublished":"2011-12-13T14:21:34+00:00","dateModified":"2011-12-13T14:21:34+00:00","breadcrumb":{"@id":"https:\/\/blog.oo-software.com\/de\/made-in-germany-made-in-berlin\/#breadcrumb"},"inLanguage":"de","potentialAction":[{"@type":"ReadAction","target":["https:\/\/blog.oo-software.com\/de\/made-in-germany-made-in-berlin\/"]}]},{"@type":"ImageObject","inLanguage":"de","@id":"https:\/\/blog.oo-software.com\/de\/made-in-germany-made-in-berlin\/#primaryimage","url":"https:\/\/blog.oo-software.com\/oocontent\/uploads\/2011\/12\/migmib01.png","contentUrl":"https:\/\/blog.oo-software.com\/oocontent\/uploads\/2011\/12\/migmib01.png","width":443,"height":395},{"@type":"BreadcrumbList","@id":"https:\/\/blog.oo-software.com\/de\/made-in-germany-made-in-berlin\/#breadcrumb","itemListElement":[{"@type":"ListItem","position":1,"name":"Home","item":"https:\/\/blog.oo-software.com\/de\/"},{"@type":"ListItem","position":2,"name":"Made in Germany. Made in Berlin."}]},{"@type":"WebSite","@id":"https:\/\/blog.oo-software.com\/de\/#website","url":"https:\/\/blog.oo-software.com\/de\/","name":"Tools - schreibt man mit zwei O","description":"Blog f\u00fcrWindows","potentialAction":[{"@type":"SearchAction","target":{"@type":"EntryPoint","urlTemplate":"https:\/\/blog.oo-software.com\/de\/?s={search_term_string}"},"query-input":{"@type":"PropertyValueSpecification","valueRequired":true,"valueName":"search_term_string"}}],"inLanguage":"de"}]}},"_links":{"self":[{"href":"https:\/\/blog.oo-software.com\/de\/wp-json\/wp\/v2\/pages\/8667"}],"collection":[{"href":"https:\/\/blog.oo-software.com\/de\/wp-json\/wp\/v2\/pages"}],"about":[{"href":"https:\/\/blog.oo-software.com\/de\/wp-json\/wp\/v2\/types\/page"}],"author":[{"embeddable":true,"href":"https:\/\/blog.oo-software.com\/de\/wp-json\/wp\/v2\/users\/3"}],"replies":[{"embeddable":true,"href":"https:\/\/blog.oo-software.com\/de\/wp-json\/wp\/v2\/comments?post=8667"}],"version-history":[{"count":0,"href":"https:\/\/blog.oo-software.com\/de\/wp-json\/wp\/v2\/pages\/8667\/revisions"}],"wp:featuredmedia":[{"embeddable":true,"href":"https:\/\/blog.oo-software.com\/de\/wp-json\/wp\/v2\/media\/8258"}],"wp:attachment":[{"href":"https:\/\/blog.oo-software.com\/de\/wp-json\/wp\/v2\/media?parent=8667"}],"curies":[{"name":"wp","href":"https:\/\/api.w.org\/{rel}","templated":true}]}}