{"id":8663,"date":"2011-07-01T09:57:48","date_gmt":"2011-07-01T07:57:48","guid":{"rendered":"http:\/\/blog-local.oo-software.com\/datenschutzgarantie\/"},"modified":"2011-07-01T09:57:48","modified_gmt":"2011-07-01T07:57:48","slug":"datenschutzgarantie","status":"publish","type":"page","link":"https:\/\/blog.oo-software.com\/de\/datenschutzgarantie\/","title":{"rendered":"Datenschutzgarantie"},"content":{"rendered":"<p>Die O&amp;O Software GmbH (O&amp;O) setzt sich f\u00fcr den Schutz Ihrer Privatsph\u00e4re ein. Diese O&amp;O Datenschutzgarantie wird auf die O&amp;O Websites angewendet und regelt die Zusammenstellung und Verwendung von Daten auf allen O&amp;O Sites weltweit. Durch die Verwendung der O&amp;O Websites stimmen Sie den in dem Dokument beschriebenen Datenpraktiken zu.<\/p>\n<p>Diese Datenschutzgarantie besteht aus einem allgemeinen Abschnitt, der auf alle O&amp;O Sites und -Services angewendet wird, gefolgt von Site-spezifischen Abschnitten, die erg\u00e4nzende Informationen zu separaten O&amp;O Sites liefern. Lesen Sie unten die vollst\u00e4ndige O&amp;O Datenschutzgarantie sowie zus\u00e4tzliche Details \u00fcber den Schutz Ihrer pers\u00f6nlichen Daten bei O&amp;O zu erfahren.<\/p>\n<h2>Sammlung Ihrer pers\u00f6nlichen Daten<\/h2>\n<p>Auf einigen Sites sammelt O&amp;O pers\u00f6nlich identifizierbare Daten, wie z.B. Ihre E-Mail-Adresse, Namen, Ihre private und gesch\u00e4ftliche Adresse oder Telefonnummer. Daten, die auf einer O&amp;O Website gesammelt werden, werden innerhalb O&amp;O, deren Niederlassungen und Tochtergesellschaften weitergegeben. Pers\u00f6nliche und demografische Daten werden m\u00f6glicherweise au\u00dferhalb von Ihrem Land gespeichert und bearbeitet werden, einschlie\u00dflich des Transfers in die Bundesrepublik Deutschland, und durch die Verwendung von O&amp;O geben Sie die Einwilligung zu jedem derartigen Transfer au\u00dferhalb Ihres Landes.<\/p>\n<p>Es werden auch Daten \u00fcber Ihre Computerhardware und -software automatisch durch O&amp;O gesammelt und m\u00f6glicherweise an andere Websites innerhalb der O&amp;O Websites weitergegeben. Diese Daten k\u00f6nnen folgende Informationen enthalten: Ihre IP-Adresse, Browsertyp, Dom\u00e4nenname, Zugriffzeit und entsprechende Websiteadressen. Diese Daten werden von O&amp;O zur Betreibung der Websites, zur Aufrechterhaltung der Qualit\u00e4t und zur Erstellung von allgemeinen Statistiken \u00fcber die Verwendung der O&amp;O Websites verwendet.<\/p>\n<p>O&amp;O empfiehlt das Lesen der Datenschutzgarantien von Websites, die Sie \u00fcber Links von O&amp;O erreichen k\u00f6nnen, so dass Sie verstehen, wie jene Websites Ihre Daten sammeln, verwenden und weitergeben. O&amp;O ist nicht f\u00fcr Inhalte und Datenschutzgarantien von Websites au\u00dferhalb von O&amp;O Websites verantwortlich.<\/p>\n<h2>Verwendung Ihrer pers\u00f6nlichen Daten<\/h2>\n<p>O&amp;O Websites und ihre Servicepartner sammeln Ihre pers\u00f6nlichen Daten und verwenden diese zum Betreiben der O&amp;O Websites, und um die von Ihnen geforderten Dienste durchzuf\u00fchren. O&amp;O Sites verwenden auch Ihre pers\u00f6nlich identifizierbaren Daten, um Sie \u00fcber Produkte oder Dienste zu informieren, die von O&amp;O verf\u00fcgbar sind. O&amp;O wendet sich m\u00f6glicherweise auch mit Umfragen an Sie, um Ihre Meinung \u00fcber aktuelle Dienste\/Produkte und potentielle neue Dienste\/Produkte, die eventuell angeboten werden, zu erfragen. O&amp;O verkauft, vermietet oder least seine Kundenlisten nicht an Dritte. O&amp;O wird sich m\u00f6glicherweise von Zeit zu Zeit im Auftrag von externen Gesch\u00e4ftspartnern an Sie wenden, um Ihnen spezielle Angebote, die Sie m\u00f6glicherweise interessieren, zu unterbreiten. In jenen F\u00e4llen werden Ihre pers\u00f6nlich identifizierbaren Daten (E-Mail, Name, Adresse, Telefonnummer) nicht an Dritte weitergegeben. Zus\u00e4tzlich wird O&amp;O m\u00f6glicherweise Daten mit vertrauensw\u00fcrdigen Partnern austauschen, die uns beim Durchf\u00fchren von statistischen Analysen unterst\u00fctzen, Ihnen eine E-Mail oder eine Nachricht per Post senden, Kundensupport anbieten, oder Lieferungen arrangieren. All diesen Drittanbieter ist es untersagt, Ihre pers\u00f6nlichen Daten zu verwenden, au\u00dfer um diese Dienste an O&amp;O zu liefern, und sie m\u00fcssen Ihre Daten auch vertraulich behandeln.<\/p>\n<p>O&amp;O verwendet keine sensitiven pers\u00f6nlichen Daten, wie z.B. Religion, Rasse und politische Zugeh\u00f6rigkeit, und gibt diese Daten ohne Ihr ausdr\u00fcckliches Einverst\u00e4ndnis nicht weiter.<\/p>\n<p>O&amp;O verfolgt Websites und -seiten, die von unseren Kunden innerhalb O&amp;O besucht werden mithilfe von Google Analytics, einen Webanalysedienst der Google Inc. (&#8222;Google&#8220;), um die beliebtesten O&amp;O Sites und -dienste zu ermitteln. Diese Daten werden verwendet, um Inhalte innerhalb O&amp;O f\u00fcr Kunden anzupassen, deren Verhalten darauf schlie\u00dfen lassen, dass Sie an einem besonderen Bereich interessiert sind. Google Analytics verwendet sog. \u201eCookies\u201c, Textdateien, die auf Ihrem Computer gespeichert werden und die eine Analyse der Benutzung der Website durch Sie erm\u00f6glicht. Die durch den Cookie erzeugten Informationen \u00fcber Ihre Benutzung dieser Website (einschlie\u00dflich Ihrer IP-Adresse) wird an einen Server von Google in den USA \u00fcbertragen und dort gespeichert. Google wird diese Informationen benutzen, um Ihre Nutzung der Website auszuwerten, um Reports \u00fcber die Websiteaktivit\u00e4ten f\u00fcr die Websitebetreiber zusammenzustellen und um weitere mit der Websitenutzung und der Internetnutzung verbundene Dienstleistungen zu erbringen. Auch wird Google diese Informationen gegebenenfalls an Dritte \u00fcbertragen, sofern dies gesetzlich vorgeschrieben oder soweit Dritte diese Daten im Auftrag von Google verarbeiten. Google wird in keinem Fall Ihre IP-Adresse mit anderen Daten der Google in Verbindung bringen. Sie k\u00f6nnen die Installation der Cookies durch eine entsprechende Einstellung Ihrer Browser Software verhindern; wir weisen Sie jedoch darauf hin, dass Sie in diesem Fall gegebenenfalls nicht s\u00e4mtliche Funktionen dieser Website voll umf\u00e4nglich nutzen k\u00f6nnen. Durch die Nutzung dieser Website erkl\u00e4ren Sie sich mit der Bearbeitung der \u00fcber Sie erhobenen Daten durch Google in der zuvor beschriebenen Art und Weise und zu dem zuvor benannten Zweck einverstanden. O&amp;O gibt pers\u00f6nliche Daten nur dann ohne Ank\u00fcndigung weiter, wenn es gesetzlich notwendig ist oder es besteht die begr\u00fcndete Annahme, dass solche Schritte ergriffen werden m\u00fcssen. Bedingungen daf\u00fcr w\u00e4ren folgende: (a) Einhalten der f\u00fcr O&amp;O oder f\u00fcr die Site geltenden gesetzlichen und rechtlichen Bestimmungen; (b) Schutz und Verteidigung der Rechte oder des Eigentums von O&amp;O; (c) Schutz der pers\u00f6nlichen Sicherheit der Benutzer von O&amp;O, O&amp;O Websites oder der \u00d6ffentlichkeit.<\/p>\n<h2>Verwendung von Cookies<\/h2>\n<p>Viele O&amp;O Websites verwenden &#8222;Cookies&#8220;, um Sie beim Personalisieren zu unterst\u00fctzen. Ein Cookie ist eine Textdatei, die von einem Webserver auf Ihre Festplatte kopiert wird. Cookies k\u00f6nnen keine Programme ausf\u00fchren oder Viren auf Ihren Computer bringen. Cookies werden eindeutig an Sie vergeben, und k\u00f6nnen nur von einem Webserver in der Dom\u00e4ne gelesen werden, von der das Cookie an Sie ausgegeben wurde.<\/p>\n<p>Ein Hauptzweck von Cookies ist es, Ihnen ein Feature zur Zeiteinsparung anzubieten. Der Zweck eines Cookies ist es, einem Webserver mitzuteilen, dass Sie zu einer bestimmten Seite zur\u00fcckkehren. Z.B., wenn Sie O&amp;O Seiten personalisieren oder sich auf O&amp;O Sites oder -Diensten registrieren, unterst\u00fctzt ein Cookie O&amp;O, um Ihre spezifischen Informationen f\u00fcr sp\u00e4tere Besuche abzurufen. Dieses vereinfacht den Aufzeichnungsprozess Ihrer pers\u00f6nlichen Daten, wie Rechnungsadresse, Lieferadresse, und so weiter. Wenn Sie zu der gleichen O&amp;O Website zur\u00fcckkehren, k\u00f6nnen die vorherigen gelieferten Daten abgerufen werden, so dass Sie die von Ihnen angepassten O&amp;O Features einfach nutzen k\u00f6nnen.<\/p>\n<p>Sie k\u00f6nnen Cookies annehmen oder ablehnen. Die Mehrzahl der Webbrowser nimmt Cookies automatisch an, aber Sie k\u00f6nnen normalerweise Ihre Browsereinstellungen \u00e4ndern, und vorzugsweise Cookies ablehnen. Wenn Sie Cookies ablehnen, k\u00f6nnen Sie m\u00f6glicherweise nicht alle Features von O&amp;O Diensten oder besuchten Websites vollst\u00e4ndig nutzen.<\/p>\n<h2>Verwendung von Facebook-Plug-Ins<\/h2>\n<p>Auf diesen Internetseiten werden Plug-Ins des sozialen Netzwerkes facebook.com verwendet, das von der Facebook Inc., 1601 S. California Ave, Palo Alto, CA 94304, USA betrieben wird (&#8222;Facebook&#8220;).<\/p>\n<p>Wenn Sie mit einen solchen Plug-In versehene Internetseiten unserer Internetpr\u00e4senz aufrufen, wird eine Verbindung zu den Facebook-Servern hergestellt und dabei das Plug-In durch Mitteilung an Ihren Browser auf der Internetseite dargestellt. Hierdurch wird an den Facebook-Server \u00fcbermittelt, welche unserer Internetseiten Sie besucht haben. Sind Sie dabei als Mitglied bei Facebook eingeloggt, ordnet Facebook diese Information Ihrem pers\u00f6nlichen Facebook-Benutzerkonto zu. Bei der Nutzung der Plug-In-Funktionen (z.B. Anklicken des \u201eGef\u00e4llt mir\u201c-Buttons, Abgabe eines Kommentars) werden auch diese Informationen Ihrem Facebook-Konto zugeordnet, was Sie nur durch Ausloggen vor Nutzung des Plug-Ins verhindern k\u00f6nnen.<\/p>\n<p>N\u00e4here Informationen zur Erhebung und Nutzung der Daten durch Facebook, \u00fcber Ihre diesbez\u00fcglichen Rechte und M\u00f6glichkeiten zum Schutz Ihrer Privatsph\u00e4re finden Sie in den Datenschutzhinweisen von Facebook.<\/p>\n<h2>Sicherheit Ihrer pers\u00f6nlichen Daten<\/h2>\n<p>O&amp;O sch\u00fctzt Ihre pers\u00f6nlichen Daten vor unerlaubtem Zugriff, Verwendung und Weitergabe. O&amp;O sichert Ihre pers\u00f6nlich identifizierbaren Daten, die Sie auf Servern zur Verf\u00fcgung stellen, in einer kontrollierten gesicherten Umgebung, gesch\u00fctzt vor unerlaubtem Zugriff, Verwendung und Weitergabe. Wenn pers\u00f6nliche Daten, wie z.B. eine Kreditkartennummer, an andere Websites \u00fcbertragen werden, werden diese Daten durch die Verwendung einer Verschl\u00fcsselung, wie z.B. das SSL-Protokoll (Secure Sockets Layer) gesch\u00fctzt.<\/p>\n<h2>\u00c4nderungen in diesem Dokument<\/h2>\n<p>O&amp;O wird gelegentlich diese Datenschutzgarantie aktualisieren, um das Feedback von Firmen und Kunden einflie\u00dfen zu lassen. O&amp;O empfiehlt Ihnen, dieses Dokument regelm\u00e4\u00dfig zu \u00fcberpr\u00fcfen, damit Sie \u00fcber den Schutz Ihrer Daten von O&amp;O informiert sind.<\/p>\n<h2>Kontaktinformationen<\/h2>\n<p>Ihre Kommentare zu dieser Datenschutzgarantie sind bei O&amp;O willkommen. Wenn Sie glauben, dass O&amp;O dieses Dokument nicht einh\u00e4lt, wenden Sie sich per E-Mail an O&amp;O. Wir werden uns kommerziell vertretbar bem\u00fchen, das Problem zu ermitteln und zu beheben.<\/p>\n<p><a title=\"Impressum\" href=\"https:\/\/blog.oo-software.com\/impressum\/\">Impressum<\/a><\/p>\n","protected":false},"excerpt":{"rendered":"<p>Die O&amp;O Software GmbH (O&amp;O) setzt sich f\u00fcr den Schutz Ihrer Privatsph\u00e4re ein. Diese O&amp;O Datenschutzgarantie wird auf die O&amp;O Websites angewendet und regelt die Zusammenstellung und Verwendung von Daten auf allen O&amp;O Sites weltweit. Durch die Verwendung der O&amp;O Websites stimmen Sie den in dem Dokument beschriebenen Datenpraktiken zu. Diese Datenschutzgarantie besteht aus einem &#8230; <a title=\"Datenschutzgarantie\" class=\"read-more\" href=\"https:\/\/blog.oo-software.com\/de\/datenschutzgarantie\/\" aria-label=\"Mehr Informationen \u00fcber Datenschutzgarantie\">Weiterlesen<\/a><\/p>\n","protected":false},"author":3,"featured_media":0,"parent":0,"menu_order":3,"comment_status":"closed","ping_status":"closed","template":"","meta":{"footnotes":""},"class_list":["post-8663","page","type-page","status-publish"],"yoast_head":"<!-- This site is optimized with the Yoast SEO plugin v23.6 - https:\/\/yoast.com\/wordpress\/plugins\/seo\/ -->\n<title>Datenschutzgarantie - Tools - schreibt man mit zwei O<\/title>\n<meta name=\"robots\" content=\"index, follow, max-snippet:-1, max-image-preview:large, max-video-preview:-1\" \/>\n<link rel=\"canonical\" href=\"https:\/\/blog.oo-software.com\/de\/datenschutzgarantie\/\" \/>\n<meta property=\"og:locale\" content=\"de_DE\" \/>\n<meta property=\"og:type\" content=\"article\" \/>\n<meta property=\"og:title\" content=\"Datenschutzgarantie - Tools - schreibt man mit zwei O\" \/>\n<meta property=\"og:description\" content=\"Die O&amp;O Software GmbH (O&amp;O) setzt sich f\u00fcr den Schutz Ihrer Privatsph\u00e4re ein. Diese O&amp;O Datenschutzgarantie wird auf die O&amp;O Websites angewendet und regelt die Zusammenstellung und Verwendung von Daten auf allen O&amp;O Sites weltweit. Durch die Verwendung der O&amp;O Websites stimmen Sie den in dem Dokument beschriebenen Datenpraktiken zu. Diese Datenschutzgarantie besteht aus einem ... Weiterlesen\" \/>\n<meta property=\"og:url\" content=\"https:\/\/blog.oo-software.com\/de\/datenschutzgarantie\/\" \/>\n<meta property=\"og:site_name\" content=\"Tools - schreibt man mit zwei O\" \/>\n<meta name=\"twitter:card\" content=\"summary_large_image\" \/>\n<meta name=\"twitter:label1\" content=\"Gesch\u00e4tzte Lesezeit\" \/>\n\t<meta name=\"twitter:data1\" content=\"8\u00a0Minuten\" \/>\n<!-- \/ Yoast SEO plugin. -->","yoast_head_json":{"title":"Datenschutzgarantie - Tools - schreibt man mit zwei O","robots":{"index":"index","follow":"follow","max-snippet":"max-snippet:-1","max-image-preview":"max-image-preview:large","max-video-preview":"max-video-preview:-1"},"canonical":"https:\/\/blog.oo-software.com\/de\/datenschutzgarantie\/","og_locale":"de_DE","og_type":"article","og_title":"Datenschutzgarantie - Tools - schreibt man mit zwei O","og_description":"Die O&amp;O Software GmbH (O&amp;O) setzt sich f\u00fcr den Schutz Ihrer Privatsph\u00e4re ein. Diese O&amp;O Datenschutzgarantie wird auf die O&amp;O Websites angewendet und regelt die Zusammenstellung und Verwendung von Daten auf allen O&amp;O Sites weltweit. Durch die Verwendung der O&amp;O Websites stimmen Sie den in dem Dokument beschriebenen Datenpraktiken zu. Diese Datenschutzgarantie besteht aus einem ... Weiterlesen","og_url":"https:\/\/blog.oo-software.com\/de\/datenschutzgarantie\/","og_site_name":"Tools - schreibt man mit zwei O","twitter_card":"summary_large_image","twitter_misc":{"Gesch\u00e4tzte Lesezeit":"8\u00a0Minuten"},"schema":{"@context":"https:\/\/schema.org","@graph":[{"@type":"WebPage","@id":"https:\/\/blog.oo-software.com\/de\/datenschutzgarantie\/","url":"https:\/\/blog.oo-software.com\/de\/datenschutzgarantie\/","name":"Datenschutzgarantie - Tools - schreibt man mit zwei O","isPartOf":{"@id":"https:\/\/blog.oo-software.com\/de\/#website"},"datePublished":"2011-07-01T07:57:48+00:00","dateModified":"2011-07-01T07:57:48+00:00","breadcrumb":{"@id":"https:\/\/blog.oo-software.com\/de\/datenschutzgarantie\/#breadcrumb"},"inLanguage":"de","potentialAction":[{"@type":"ReadAction","target":["https:\/\/blog.oo-software.com\/de\/datenschutzgarantie\/"]}]},{"@type":"BreadcrumbList","@id":"https:\/\/blog.oo-software.com\/de\/datenschutzgarantie\/#breadcrumb","itemListElement":[{"@type":"ListItem","position":1,"name":"Home","item":"https:\/\/blog.oo-software.com\/de\/"},{"@type":"ListItem","position":2,"name":"Datenschutzgarantie"}]},{"@type":"WebSite","@id":"https:\/\/blog.oo-software.com\/de\/#website","url":"https:\/\/blog.oo-software.com\/de\/","name":"Tools - schreibt man mit zwei O","description":"Blog f\u00fcrWindows","potentialAction":[{"@type":"SearchAction","target":{"@type":"EntryPoint","urlTemplate":"https:\/\/blog.oo-software.com\/de\/?s={search_term_string}"},"query-input":{"@type":"PropertyValueSpecification","valueRequired":true,"valueName":"search_term_string"}}],"inLanguage":"de"}]}},"_links":{"self":[{"href":"https:\/\/blog.oo-software.com\/de\/wp-json\/wp\/v2\/pages\/8663"}],"collection":[{"href":"https:\/\/blog.oo-software.com\/de\/wp-json\/wp\/v2\/pages"}],"about":[{"href":"https:\/\/blog.oo-software.com\/de\/wp-json\/wp\/v2\/types\/page"}],"author":[{"embeddable":true,"href":"https:\/\/blog.oo-software.com\/de\/wp-json\/wp\/v2\/users\/3"}],"replies":[{"embeddable":true,"href":"https:\/\/blog.oo-software.com\/de\/wp-json\/wp\/v2\/comments?post=8663"}],"version-history":[{"count":0,"href":"https:\/\/blog.oo-software.com\/de\/wp-json\/wp\/v2\/pages\/8663\/revisions"}],"wp:attachment":[{"href":"https:\/\/blog.oo-software.com\/de\/wp-json\/wp\/v2\/media?parent=8663"}],"curies":[{"name":"wp","href":"https:\/\/api.w.org\/{rel}","templated":true}]}}