{"id":8659,"date":"2011-05-10T14:49:43","date_gmt":"2011-05-10T12:49:43","guid":{"rendered":"http:\/\/blog-local.oo-software.com\/kontakt\/"},"modified":"2011-05-10T14:49:43","modified_gmt":"2011-05-10T12:49:43","slug":"kontakt","status":"publish","type":"page","link":"https:\/\/blog.oo-software.com\/de\/kontakt\/","title":{"rendered":"Kontakt"},"content":{"rendered":"<p>Die <strong>O&amp;O Software GmbH<\/strong> besch\u00e4ftigt sich mit der Entwicklung von Systemtools f\u00fcr Windows Betriebssysteme, die sowohl f\u00fcr PCs als auch f\u00fcr Server geeignet sind. Wir sehen es als unsere Aufgabe, n\u00fctzliche Software f\u00fcr alle Windows-Benutzer zu g\u00fcnstigen Preisen herzustellen. Weitere Informationen zur O&amp;O Software GmbH sowie zur O&#038;O Gruppe finden Sie in unserem <a href=\"https:\/\/www.oo-software.com\/de\/company\">Firmenprofil<\/a>.<\/p>\n<p><strong>O&amp;O Software GmbH<\/strong><br \/>\nB\u00fclowstra\u00dfe 66<br \/>\n10783 Berlin<\/p>\n<p>Tel. +49 (0)30 991 9162-00, Fax: -99<\/p>\n<h3>Rechtliche Hinweise<\/h3>\n<p>Vertretungsberechtigt f\u00fcr die O&amp;O Software GmbH: Herr Dipl.-Inform. Olaf Kehrer (GF)<br \/>\nRegistergericht: Amtsgericht Berlin-Charlottenburg HRB 121676<br \/>\nUmsatzsteuer-Identifikationsnummer: DE267267409<\/p>\n<h3>Links zu Webseiten anderer Anbieter<\/h3>\n<p>F\u00fcr Links zu Webseiten anderer Anbieter gilt: Der Herausgeber erkl\u00e4rt ausdr\u00fccklich, dass er keinen Einfluss auf den Inhalt der verlinkten Seiten hat. Diese Erkl\u00e4rung gilt f\u00fcr alle auf der Webseite bereitgestellten Links und Programme, die nicht von O&amp;O hergestellt wurden. Alle genannten Marken sind Eigentum der jeweiligen Inhaber.<\/p>\n","protected":false},"excerpt":{"rendered":"<p>Die O&amp;O Software GmbH besch\u00e4ftigt sich mit der Entwicklung von Systemtools f\u00fcr Windows Betriebssysteme, die sowohl f\u00fcr PCs als auch f\u00fcr Server geeignet sind. Wir sehen es als unsere Aufgabe, n\u00fctzliche Software f\u00fcr alle Windows-Benutzer zu g\u00fcnstigen Preisen herzustellen. Weitere Informationen zur O&amp;O Software GmbH sowie zur O&#038;O Gruppe finden Sie in unserem Firmenprofil. O&amp;O &#8230; <a title=\"Kontakt\" class=\"read-more\" href=\"https:\/\/blog.oo-software.com\/de\/kontakt\/\" aria-label=\"Mehr Informationen \u00fcber Kontakt\">Weiterlesen<\/a><\/p>\n","protected":false},"author":3,"featured_media":0,"parent":0,"menu_order":10,"comment_status":"closed","ping_status":"closed","template":"","meta":{"footnotes":""},"class_list":["post-8659","page","type-page","status-publish"],"yoast_head":"<!-- This site is optimized with the Yoast SEO plugin v23.6 - https:\/\/yoast.com\/wordpress\/plugins\/seo\/ -->\n<title>Kontakt - Tools - schreibt man mit zwei O<\/title>\n<meta name=\"robots\" content=\"index, follow, max-snippet:-1, max-image-preview:large, max-video-preview:-1\" \/>\n<link rel=\"canonical\" href=\"https:\/\/blog.oo-software.com\/de\/kontakt\/\" \/>\n<meta property=\"og:locale\" content=\"de_DE\" \/>\n<meta property=\"og:type\" content=\"article\" \/>\n<meta property=\"og:title\" content=\"Kontakt - Tools - schreibt man mit zwei O\" \/>\n<meta property=\"og:description\" content=\"Die O&amp;O Software GmbH besch\u00e4ftigt sich mit der Entwicklung von Systemtools f\u00fcr Windows Betriebssysteme, die sowohl f\u00fcr PCs als auch f\u00fcr Server geeignet sind. Wir sehen es als unsere Aufgabe, n\u00fctzliche Software f\u00fcr alle Windows-Benutzer zu g\u00fcnstigen Preisen herzustellen. Weitere Informationen zur O&amp;O Software GmbH sowie zur O&#038;O Gruppe finden Sie in unserem Firmenprofil. O&amp;O ... Weiterlesen\" \/>\n<meta property=\"og:url\" content=\"https:\/\/blog.oo-software.com\/de\/kontakt\/\" \/>\n<meta property=\"og:site_name\" content=\"Tools - schreibt man mit zwei O\" \/>\n<meta name=\"twitter:card\" content=\"summary_large_image\" \/>\n<meta name=\"twitter:label1\" content=\"Gesch\u00e4tzte Lesezeit\" \/>\n\t<meta name=\"twitter:data1\" content=\"1\u00a0Minute\" \/>\n<!-- \/ Yoast SEO plugin. -->","yoast_head_json":{"title":"Kontakt - Tools - schreibt man mit zwei O","robots":{"index":"index","follow":"follow","max-snippet":"max-snippet:-1","max-image-preview":"max-image-preview:large","max-video-preview":"max-video-preview:-1"},"canonical":"https:\/\/blog.oo-software.com\/de\/kontakt\/","og_locale":"de_DE","og_type":"article","og_title":"Kontakt - Tools - schreibt man mit zwei O","og_description":"Die O&amp;O Software GmbH besch\u00e4ftigt sich mit der Entwicklung von Systemtools f\u00fcr Windows Betriebssysteme, die sowohl f\u00fcr PCs als auch f\u00fcr Server geeignet sind. Wir sehen es als unsere Aufgabe, n\u00fctzliche Software f\u00fcr alle Windows-Benutzer zu g\u00fcnstigen Preisen herzustellen. Weitere Informationen zur O&amp;O Software GmbH sowie zur O&#038;O Gruppe finden Sie in unserem Firmenprofil. O&amp;O ... Weiterlesen","og_url":"https:\/\/blog.oo-software.com\/de\/kontakt\/","og_site_name":"Tools - schreibt man mit zwei O","twitter_card":"summary_large_image","twitter_misc":{"Gesch\u00e4tzte Lesezeit":"1\u00a0Minute"},"schema":{"@context":"https:\/\/schema.org","@graph":[{"@type":"WebPage","@id":"https:\/\/blog.oo-software.com\/de\/kontakt\/","url":"https:\/\/blog.oo-software.com\/de\/kontakt\/","name":"Kontakt - Tools - schreibt man mit zwei O","isPartOf":{"@id":"https:\/\/blog.oo-software.com\/de\/#website"},"datePublished":"2011-05-10T12:49:43+00:00","dateModified":"2011-05-10T12:49:43+00:00","breadcrumb":{"@id":"https:\/\/blog.oo-software.com\/de\/kontakt\/#breadcrumb"},"inLanguage":"de","potentialAction":[{"@type":"ReadAction","target":["https:\/\/blog.oo-software.com\/de\/kontakt\/"]}]},{"@type":"BreadcrumbList","@id":"https:\/\/blog.oo-software.com\/de\/kontakt\/#breadcrumb","itemListElement":[{"@type":"ListItem","position":1,"name":"Home","item":"https:\/\/blog.oo-software.com\/de\/"},{"@type":"ListItem","position":2,"name":"Kontakt"}]},{"@type":"WebSite","@id":"https:\/\/blog.oo-software.com\/de\/#website","url":"https:\/\/blog.oo-software.com\/de\/","name":"Tools - schreibt man mit zwei O","description":"Blog f\u00fcrWindows","potentialAction":[{"@type":"SearchAction","target":{"@type":"EntryPoint","urlTemplate":"https:\/\/blog.oo-software.com\/de\/?s={search_term_string}"},"query-input":{"@type":"PropertyValueSpecification","valueRequired":true,"valueName":"search_term_string"}}],"inLanguage":"de"}]}},"_links":{"self":[{"href":"https:\/\/blog.oo-software.com\/de\/wp-json\/wp\/v2\/pages\/8659"}],"collection":[{"href":"https:\/\/blog.oo-software.com\/de\/wp-json\/wp\/v2\/pages"}],"about":[{"href":"https:\/\/blog.oo-software.com\/de\/wp-json\/wp\/v2\/types\/page"}],"author":[{"embeddable":true,"href":"https:\/\/blog.oo-software.com\/de\/wp-json\/wp\/v2\/users\/3"}],"replies":[{"embeddable":true,"href":"https:\/\/blog.oo-software.com\/de\/wp-json\/wp\/v2\/comments?post=8659"}],"version-history":[{"count":0,"href":"https:\/\/blog.oo-software.com\/de\/wp-json\/wp\/v2\/pages\/8659\/revisions"}],"wp:attachment":[{"href":"https:\/\/blog.oo-software.com\/de\/wp-json\/wp\/v2\/media?parent=8659"}],"curies":[{"name":"wp","href":"https:\/\/api.w.org\/{rel}","templated":true}]}}